{"id":1432,"date":"2026-01-11T14:23:53","date_gmt":"2026-01-11T14:23:53","guid":{"rendered":"https:\/\/traycana.kracmedia.com\/?page_id=1432"},"modified":"2026-01-11T14:29:28","modified_gmt":"2026-01-11T14:29:28","slug":"products","status":"publish","type":"page","link":"https:\/\/traycana.kracmedia.com\/fr\/products\/","title":{"rendered":"Produits"},"content":{"rendered":"<div data-elementor-type=\"wp-page\" data-elementor-id=\"1432\" class=\"elementor elementor-1432\" data-elementor-post-type=\"page\">\n\t\t\t\t<div class=\"elementor-element elementor-element-7df0c33 e-flex e-con-boxed e-con e-parent\" data-id=\"7df0c33\" data-element_type=\"container\">\n\t\t\t\t\t<div class=\"e-con-inner\">\n\t\t\t\t<div class=\"elementor-element elementor-element-f949af5 elementor-widget elementor-widget-wcatq_products_grid\" data-id=\"f949af5\" data-element_type=\"widget\" data-widget_type=\"wcatq_products_grid.default\">\n\t\t\t\t<div class=\"elementor-widget-container\">\n\t\t\t\t\t        <div class=\"wcatq-products-grid-wrapper wcatq-elementor-grid wcatq-card-style-default\" data-columns=\"4\" data-per-page=\"12\" data-category=\"\" data-quick-view=\"yes\" data-show-image=\"yes\" data-show-title=\"yes\" data-show-price=\"yes\" data-show-sku=\"no\" data-show-cat=\"no\" data-btn-text=\"Add to Quote\" data-pagination=\"numbered\" data-link-product=\"yes\" data-consultation=\"no\" data-show-details=\"yes\" data-card-style=\"default\">\n                            <div class=\"wcatq-grid-controls\">\n                                            <div class=\"wcatq-grid-filter\">\n                            <select class=\"wcatq-grid-category-filter\">\n                                <option value=\"\">All Categories<\/option>\n                                                                    <option value=\"24\" >\n                                        Accessoire                                    <\/option>\n                                                                    <option value=\"22\" >\n                                        Actionneurs                                    <\/option>\n                                                                    <option value=\"23\" >\n                                        APECS Contr\u00f4leurs                                    <\/option>\n                                                                    <option value=\"25\" >\n                                        Les contr\u00f4leurs de                                    <\/option>\n                                                                    <option value=\"26\" >\n                                        \u00c9lectronique De Vitesse, Commutateur                                    <\/option>\n                                                                    <option value=\"29\" >\n                                        M\u00e9canique Commutateur De Vitesse                                    <\/option>\n                                                                    <option value=\"27\" >\n                                        Mini-Gen                                    <\/option>\n                                                                    <option value=\"28\" >\n                                        Sol\u00e9no\u00efde De L'\u00c9lectronique                                    <\/option>\n                                                                    <option value=\"21\" >\n                                        Sol\u00e9no\u00efdes                                    <\/option>\n                                                            <\/select>\n                        <\/div>\n                    \n                                            <div class=\"wcatq-grid-sorting\">\n                            <select class=\"wcatq-grid-orderby\">\n                                                                <option value=\"date\" >Latest<\/option>\n                                                                                                <option value=\"title\"  selected='selected'>Name (A-Z)<\/option>\n                                                                                                <option value=\"price\" >Price: Low to High<\/option>\n                                                                                                <option value=\"price-desc\" >Price: High to Low<\/option>\n                                                                                                <option value=\"popularity\" >Popularity<\/option>\n                                                            <\/select>\n                        <\/div>\n                                    <\/div>\n            \n            \n            <div class=\"wcatq-products-grid\" style=\"--wcatq-columns: 4;\">\n                <div class=\"wcatq-grid-loading\">\n                    <span class=\"wcatq-spinner\"><\/span>\n                    <span>Loading products...<\/span>\n                <\/div>\n            <\/div>\n\n                            <div class=\"wcatq-grid-pagination\"><\/div>\n                    <\/div>\n\n                    <div class=\"wcatq-product-modal\" style=\"display: none;\">\n                <div class=\"wcatq-modal-overlay\"><\/div>\n                <div class=\"wcatq-modal-content\">\n                    <button type=\"button\" class=\"wcatq-modal-close\">\u00d7<\/button>\n                    <div class=\"wcatq-modal-body\"><\/div>\n                <\/div>\n            <\/div>\n                \t\t\t\t<\/div>\n\t\t\t\t<\/div>\n\t\t\t\t\t<\/div>\n\t\t\t\t<\/div>\n\t\t\t\t<\/div>","protected":false},"excerpt":{"rendered":"<p>All Categories Accessory Actuators APECS Controllers Controllers Electronic Speed Switch Mechanical Speed Switch Mini-Gen Solenoid Electronics Solenoids LatestName (A-Z)Price: Low to HighPrice: High to LowPopularity Loading products&#8230; &times;<\/p>","protected":false},"author":1,"featured_media":0,"parent":0,"menu_order":0,"comment_status":"closed","ping_status":"closed","template":"","meta":{"footnotes":""},"class_list":["post-1432","page","type-page","status-publish","hentry"],"_links":{"self":[{"href":"https:\/\/traycana.kracmedia.com\/fr\/wp-json\/wp\/v2\/pages\/1432","targetHints":{"allow":["GET"]}}],"collection":[{"href":"https:\/\/traycana.kracmedia.com\/fr\/wp-json\/wp\/v2\/pages"}],"about":[{"href":"https:\/\/traycana.kracmedia.com\/fr\/wp-json\/wp\/v2\/types\/page"}],"author":[{"embeddable":true,"href":"https:\/\/traycana.kracmedia.com\/fr\/wp-json\/wp\/v2\/users\/1"}],"replies":[{"embeddable":true,"href":"https:\/\/traycana.kracmedia.com\/fr\/wp-json\/wp\/v2\/comments?post=1432"}],"version-history":[{"count":20,"href":"https:\/\/traycana.kracmedia.com\/fr\/wp-json\/wp\/v2\/pages\/1432\/revisions"}],"predecessor-version":[{"id":1453,"href":"https:\/\/traycana.kracmedia.com\/fr\/wp-json\/wp\/v2\/pages\/1432\/revisions\/1453"}],"wp:attachment":[{"href":"https:\/\/traycana.kracmedia.com\/fr\/wp-json\/wp\/v2\/media?parent=1432"}],"curies":[{"name":"wp","href":"https:\/\/api.w.org\/{rel}","templated":true}]}}