{"id":2,"date":"2025-10-14T19:31:50","date_gmt":"2025-10-14T19:31:50","guid":{"rendered":"https:\/\/traycana.kracmedia.com\/?page_id=2"},"modified":"2026-01-07T15:03:26","modified_gmt":"2026-01-07T15:03:26","slug":"home","status":"publish","type":"page","link":"https:\/\/traycana.kracmedia.com\/fr\/","title":{"rendered":"Accueil"},"content":{"rendered":"<div data-elementor-type=\"wp-page\" data-elementor-id=\"2\" class=\"elementor elementor-2\" data-elementor-post-type=\"page\">\n\t\t\t\t<div class=\"elementor-element elementor-element-01ac0e4 e-flex e-con-boxed e-con e-parent\" data-id=\"01ac0e4\" data-element_type=\"container\" data-settings=\"{&quot;background_background&quot;:&quot;classic&quot;}\">\n\t\t\t\t\t<div class=\"e-con-inner\">\n\t\t\t\t<div class=\"elementor-element elementor-element-a54c4aa elementor-widget elementor-widget-heading\" data-id=\"a54c4aa\" data-element_type=\"widget\" data-widget_type=\"heading.default\">\n\t\t\t\t\t<h2 class=\"elementor-heading-title elementor-size-default\">Officiel Woodward Distributeur \u2022 + De 30 Ans d'Expertise<\/h2>\t\t\t\t<\/div>\n\t\t\t\t<div class=\"elementor-element elementor-element-98e0e1e elementor-widget-tablet__width-initial elementor-widget elementor-widget-heading\" data-id=\"98e0e1e\" data-element_type=\"widget\" data-widget_type=\"heading.default\">\n\t\t\t\t\t<h3 class=\"elementor-heading-title elementor-size-default\">Commande \u00e9lectromagn\u00e9tique: les sol\u00e9no\u00efdes, les actionneurs, les commandes des moteurs, et le diesel, syst\u00e8mes de gestion de l'authentique Woodward produits, soutenue par la maison de l'inventaire, de confiance, de soutien local, et des d\u00e9lais d'ex\u00e9cution rapides. Vous \u00eates entre bonnes mains avec Traycana.<\/h3>\t\t\t\t<\/div>\n\t\t\t\t\t<\/div>\n\t\t\t\t<\/div>\n\t\t<div class=\"elementor-element elementor-element-7ceab7a e-con-full e-flex e-con e-parent\" data-id=\"7ceab7a\" data-element_type=\"container\">\n\t\t<div class=\"elementor-element elementor-element-7951279 e-con-full e-flex e-con e-child\" data-id=\"7951279\" data-element_type=\"container\" data-settings=\"{&quot;background_background&quot;:&quot;classic&quot;}\">\n\t\t\t\t<\/div>\n\t\t<div class=\"elementor-element elementor-element-50443b9 e-flex e-con-boxed e-con e-child\" data-id=\"50443b9\" data-element_type=\"container\" data-settings=\"{&quot;background_background&quot;:&quot;classic&quot;}\">\n\t\t\t\t\t<div class=\"e-con-inner\">\n\t\t\t\t<div class=\"elementor-element elementor-element-670b0d7 elementor-widget elementor-widget-heading\" data-id=\"670b0d7\" data-element_type=\"widget\" data-widget_type=\"heading.default\">\n\t\t\t\t\t<h2 class=\"elementor-heading-title elementor-size-default\">\u00c0 Propos De Nous<\/h2>\t\t\t\t<\/div>\n\t\t\t\t<div class=\"elementor-element elementor-element-6998b9f elementor-widget__width-initial elementor-widget elementor-widget-heading\" data-id=\"6998b9f\" data-element_type=\"widget\" data-widget_type=\"heading.default\">\n\t\t\t\t\t<h2 class=\"elementor-heading-title elementor-size-default\">Nous Sommes Le Leader Dans Le March\u00e9 De L'Industrie<\/h2>\t\t\t\t<\/div>\n\t\t\t\t<div class=\"elementor-element elementor-element-4365c16 elementor-widget elementor-widget-text-editor\" data-id=\"4365c16\" data-element_type=\"widget\" data-widget_type=\"text-editor.default\">\n\t\t\t\t\t\t\t\t\t<p>Depuis plus de 30 ans, Traycana Inc. a \u00e9t\u00e9 approuv\u00e9e d'un chef de file Canadien en gestion du moteur, contr\u00f4le de puissance, et de solutions d'automatisation. Bas\u00e9 dans la r\u00e9gion de Vaudreuil-Dorion, (Montr\u00e9al) nous soutenons les industries, les institutions, et les municipalit\u00e9s qui reposent sur un fonctionnement s\u00fbr et fiable de leurs moteurs, des g\u00e9n\u00e9rateurs et des syst\u00e8mes \u00e9lectriques.<\/p><p>Officiel Woodward Distributeur Canada et l'est des U. S. A, nous offre une v\u00e9ritable Woodward produits, y compris commande \u00e9lectromagn\u00e9tique, les sol\u00e9no\u00efdes, les actionneurs de commandes de moteur, d'un Mini-Gen syst\u00e8mes, de moteurs diesel et des contr\u00f4les. Avec dans-maison des stocks et des d\u00e9lais d'ex\u00e9cution rapides, nous livrons les composants et l'expertise dont vous avez besoin, quand vous en avez besoin.<\/p><p>Notre \u00e9quipe bilingue combine des connaissances techniques approfondies avec les mains sur l'exp\u00e9rience de terrain, garantissant des solutions concr\u00e8tes, durables et adapt\u00e9s \u00e0 vos op\u00e9rations. Nous allons le mile suppl\u00e9mentaire avec le probl\u00e8me de la r\u00e9solution de soutien, des relations \u00e0 long terme, et l'assurance que vous \u00eates toujours entre de bonnes mains \u2014 juste un coup de t\u00e9l\u00e9phone.<\/p><p>Au Traycana, notre mission est simple: pour garder vos op\u00e9rations en toute s\u00e9curit\u00e9, efficacement, et avec le plein contr\u00f4le \u2014 aliment\u00e9 par Traycana et Woodward.<\/p>\t\t\t\t\t\t\t\t<\/div>\n\t\t\t\t\t<\/div>\n\t\t\t\t<\/div>\n\t\t\t\t<\/div>\n\t\t\t\t<\/div>","protected":false},"excerpt":{"rendered":"<p>Official Woodward Distributor \u2022 30+ Years of Expertise Electromagnetic controls: solenoids, actuators, engine controls, and diesel management systems \u2014 genuine Woodward products, backed by in\u2011house inventory, trusted local support, and quick turnaround. You\u2019re in good hands with Traycana. About Us We Are The Leader In The Industrial Market For over 30 years, Traycana Inc. has [&hellip;]<\/p>","protected":false},"author":1,"featured_media":0,"parent":0,"menu_order":0,"comment_status":"closed","ping_status":"closed","template":"","meta":{"footnotes":""},"class_list":["post-2","page","type-page","status-publish","hentry"],"_links":{"self":[{"href":"https:\/\/traycana.kracmedia.com\/fr\/wp-json\/wp\/v2\/pages\/2","targetHints":{"allow":["GET"]}}],"collection":[{"href":"https:\/\/traycana.kracmedia.com\/fr\/wp-json\/wp\/v2\/pages"}],"about":[{"href":"https:\/\/traycana.kracmedia.com\/fr\/wp-json\/wp\/v2\/types\/page"}],"author":[{"embeddable":true,"href":"https:\/\/traycana.kracmedia.com\/fr\/wp-json\/wp\/v2\/users\/1"}],"replies":[{"embeddable":true,"href":"https:\/\/traycana.kracmedia.com\/fr\/wp-json\/wp\/v2\/comments?post=2"}],"version-history":[{"count":89,"href":"https:\/\/traycana.kracmedia.com\/fr\/wp-json\/wp\/v2\/pages\/2\/revisions"}],"predecessor-version":[{"id":1419,"href":"https:\/\/traycana.kracmedia.com\/fr\/wp-json\/wp\/v2\/pages\/2\/revisions\/1419"}],"wp:attachment":[{"href":"https:\/\/traycana.kracmedia.com\/fr\/wp-json\/wp\/v2\/media?parent=2"}],"curies":[{"name":"wp","href":"https:\/\/api.w.org\/{rel}","templated":true}]}}