{"id":949,"date":"2025-12-07T14:44:57","date_gmt":"2025-12-07T14:44:57","guid":{"rendered":"https:\/\/traycana.kracmedia.com\/?page_id=949"},"modified":"2026-01-07T15:12:28","modified_gmt":"2026-01-07T15:12:28","slug":"tech-center","status":"publish","type":"page","link":"https:\/\/traycana.kracmedia.com\/fr\/tech-center\/","title":{"rendered":"Tech Center"},"content":{"rendered":"<div data-elementor-type=\"wp-page\" data-elementor-id=\"949\" class=\"elementor elementor-949\" data-elementor-post-type=\"page\">\n\t\t\t\t<div class=\"elementor-element elementor-element-19b2329 e-con-full e-flex e-con e-parent\" data-id=\"19b2329\" data-element_type=\"container\">\n\t\t<div class=\"elementor-element elementor-element-f3a1d3b e-con-full e-flex e-con e-child\" data-id=\"f3a1d3b\" data-element_type=\"container\">\n\t\t<div class=\"elementor-element elementor-element-2bb100b e-con-full e-flex e-con e-child\" data-id=\"2bb100b\" data-element_type=\"container\">\n\t\t\t\t<div class=\"elementor-element elementor-element-0337d6f elementor-widget elementor-widget-heading\" data-id=\"0337d6f\" data-element_type=\"widget\" data-widget_type=\"heading.default\">\n\t\t\t\t\t<h2 class=\"elementor-heading-title elementor-size-default\">Sol\u00e9no\u00efde Guide De D\u00e9pannage<\/h2>\t\t\t\t<\/div>\n\t\t\t\t<div class=\"elementor-element elementor-element-a58929b elementor-widget elementor-widget-heading\" data-id=\"a58929b\" data-element_type=\"widget\" data-widget_type=\"heading.default\">\n\t\t\t\t\t<h2 class=\"elementor-heading-title elementor-size-default\">En Interne &amp; Externe De Commutation De Sol\u00e9no\u00efdes Push &amp; Pull Type De Sol\u00e9no\u00efdes<\/h2>\t\t\t\t<\/div>\n\t\t\t\t<div class=\"elementor-element elementor-element-c913da9 elementor-widget elementor-widget-button\" data-id=\"c913da9\" data-element_type=\"widget\" data-widget_type=\"button.default\">\n\t\t\t\t\t\t\t\t\t\t<a class=\"elementor-button elementor-button-link elementor-size-sm\" href=\"https:\/\/traycana.kracmedia.com\/wp-content\/uploads\/2025\/12\/Woodward-Troubleshooting-guide.pdf\">\n\t\t\t\t\t\t<span class=\"elementor-button-content-wrapper\">\n\t\t\t\t\t\t<span class=\"elementor-button-icon\">\n\t\t\t\t<svg aria-hidden=\"true\" class=\"e-font-icon-svg e-fas-download\" viewbox=\"0 0 512 512\" xmlns=\"http:\/\/www.w3.org\/2000\/svg\"><path d=\"M216 0h80c13.3 0 24 10.7 24 24v168h87.7c17.8 0 26.7 21.5 14.1 34.1L269.7 378.3c-7.5 7.5-19.8 7.5-27.3 0L90.1 226.1c-12.6-12.6-3.7-34.1 14.1-34.1H192V24c0-13.3 10.7-24 24-24zm296 376v112c0 13.3-10.7 24-24 24H24c-13.3 0-24-10.7-24-24V376c0-13.3 10.7-24 24-24h146.7l49 49c20.1 20.1 52.5 20.1 72.6 0l49-49H488c13.3 0 24 10.7 24 24zm-124 88c0-11-9-20-20-20s-20 9-20 20 9 20 20 20 20-9 20-20zm64 0c0-11-9-20-20-20s-20 9-20 20 9 20 20 20 20-9 20-20z\"><\/path><\/svg>\t\t\t<\/span>\n\t\t\t\t\t\t\t\t\t<span class=\"elementor-button-text\">T\u00e9l\u00e9charger Le Guide De D\u00e9pannage<\/span>\n\t\t\t\t\t<\/span>\n\t\t\t\t\t<\/a>\n\t\t\t\t\t\t\t\t<\/div>\n\t\t\t\t<\/div>\n\t\t<div class=\"elementor-element elementor-element-9890670 e-con-full e-flex e-con e-child\" data-id=\"9890670\" data-element_type=\"container\">\n\t\t\t\t<div class=\"elementor-element elementor-element-e7f6945 elementor-widget elementor-widget-heading\" data-id=\"e7f6945\" data-element_type=\"widget\" data-widget_type=\"heading.default\">\n\t\t\t\t\t<h2 class=\"elementor-heading-title elementor-size-default\">Double Bobine De Sol\u00e9no\u00efde<br>\u00c0 l'interne et \u00e0 l'Externe de Commutation<\/h2>\t\t\t\t<\/div>\n\t\t\t\t<div class=\"elementor-element elementor-element-c216d91 elementor-widget elementor-widget-heading\" data-id=\"c216d91\" data-element_type=\"widget\" data-widget_type=\"heading.default\">\n\t\t\t\t\t<h2 class=\"elementor-heading-title elementor-size-default\">y compris Pull Bobine Timer Modules &amp; Bobine Commandants\u2122<\/h2>\t\t\t\t<\/div>\n\t\t\t\t<div class=\"elementor-element elementor-element-73278d3 elementor-widget elementor-widget-button\" data-id=\"73278d3\" data-element_type=\"widget\" data-widget_type=\"button.default\">\n\t\t\t\t\t\t\t\t\t\t<a class=\"elementor-button elementor-button-link elementor-size-sm\" href=\"https:\/\/traycana.kracmedia.com\/wp-content\/uploads\/2025\/12\/Wiring-Diagram.pdf\">\n\t\t\t\t\t\t<span class=\"elementor-button-content-wrapper\">\n\t\t\t\t\t\t<span class=\"elementor-button-icon\">\n\t\t\t\t<svg aria-hidden=\"true\" class=\"e-font-icon-svg e-fas-download\" viewbox=\"0 0 512 512\" xmlns=\"http:\/\/www.w3.org\/2000\/svg\"><path d=\"M216 0h80c13.3 0 24 10.7 24 24v168h87.7c17.8 0 26.7 21.5 14.1 34.1L269.7 378.3c-7.5 7.5-19.8 7.5-27.3 0L90.1 226.1c-12.6-12.6-3.7-34.1 14.1-34.1H192V24c0-13.3 10.7-24 24-24zm296 376v112c0 13.3-10.7 24-24 24H24c-13.3 0-24-10.7-24-24V376c0-13.3 10.7-24 24-24h146.7l49 49c20.1 20.1 52.5 20.1 72.6 0l49-49H488c13.3 0 24 10.7 24 24zm-124 88c0-11-9-20-20-20s-20 9-20 20 9 20 20 20 20-9 20-20zm64 0c0-11-9-20-20-20s-20 9-20 20 9 20 20 20 20-9 20-20z\"><\/path><\/svg>\t\t\t<\/span>\n\t\t\t\t\t\t\t\t\t<span class=\"elementor-button-text\">Sch\u00e9ma De C\u00e2blage<\/span>\n\t\t\t\t\t<\/span>\n\t\t\t\t\t<\/a>\n\t\t\t\t\t\t\t\t<\/div>\n\t\t\t\t<\/div>\n\t\t\t\t<\/div>\n\t\t\t\t<\/div>\n\t\t\t\t<\/div>","protected":false},"excerpt":{"rendered":"<p>Solenoid Troubleshooting Guide Internally &amp; Externally Switched Solenoids Push &amp; Pull Type Solenoids Download Troubleshoot Guide Dual Coil SolenoidsInternally and Externally Switched including Pull Coil Timer Modules &amp; Coil Commanders\u2122 Wiring Diagram<\/p>","protected":false},"author":1,"featured_media":0,"parent":0,"menu_order":0,"comment_status":"closed","ping_status":"closed","template":"","meta":{"footnotes":""},"class_list":["post-949","page","type-page","status-publish","hentry"],"_links":{"self":[{"href":"https:\/\/traycana.kracmedia.com\/fr\/wp-json\/wp\/v2\/pages\/949","targetHints":{"allow":["GET"]}}],"collection":[{"href":"https:\/\/traycana.kracmedia.com\/fr\/wp-json\/wp\/v2\/pages"}],"about":[{"href":"https:\/\/traycana.kracmedia.com\/fr\/wp-json\/wp\/v2\/types\/page"}],"author":[{"embeddable":true,"href":"https:\/\/traycana.kracmedia.com\/fr\/wp-json\/wp\/v2\/users\/1"}],"replies":[{"embeddable":true,"href":"https:\/\/traycana.kracmedia.com\/fr\/wp-json\/wp\/v2\/comments?post=949"}],"version-history":[{"count":37,"href":"https:\/\/traycana.kracmedia.com\/fr\/wp-json\/wp\/v2\/pages\/949\/revisions"}],"predecessor-version":[{"id":1427,"href":"https:\/\/traycana.kracmedia.com\/fr\/wp-json\/wp\/v2\/pages\/949\/revisions\/1427"}],"wp:attachment":[{"href":"https:\/\/traycana.kracmedia.com\/fr\/wp-json\/wp\/v2\/media?parent=949"}],"curies":[{"name":"wp","href":"https:\/\/api.w.org\/{rel}","templated":true}]}}